{"id":1746,"date":"2019-02-21T12:04:25","date_gmt":"2019-02-21T11:04:25","guid":{"rendered":"https:\/\/www.chpasazlodzki.pl\/o-centrum\/"},"modified":"2025-05-20T12:31:33","modified_gmt":"2025-05-20T10:31:33","slug":"about-us","status":"publish","type":"page","link":"https:\/\/www.chpasazlodzki.pl\/en\/about-us\/","title":{"rendered":"About us"},"content":{"rendered":"<p>Pasa\u017c \u0141\u00f3dzki is a unique place on the map of \u0141\u00f3d\u017a, perfect for active people. Only in Pasa\u017c \u0141\u00f3dzki, customers have access to a wide sports offer distinguished by unique private labels offered by Decathlon. The offer of Pasa\u017c \u0141\u00f3dzki is an Auchan hypermarket and almost 100 fashion and service outlets where everyone will find something for themselves. Enthusiasts of global brands will surely find something for themselves in the very wide offer of the TK Maxx and HalfPrice stores.<\/p>\n<p><strong>Only with us &#8211; the largest in the \u0141\u00f3d\u017a market and in the Decathlon region.<\/strong><\/p>\n<p><strong>For HER<\/strong> &#8211; access to an attractive offer of fashion and beauty boutiques, such as: Quiosque, Monnari, Tatuum, H&amp;M, Greenpoint, CCC, Apart, Yes, Jubiler Doma\u0144ski, Triumph, Sephora, Rossmann and Hebe.<\/p>\n<p><strong>For HIM<\/strong> &#8211; a wide men&#8217;s offer, which includes min. RTV Euro AGD, Sony Center, Media Expert, 4F or Martes Sport store.<\/p>\n<p><strong>For TEENAGERS<\/strong> &#8211; the offer of such brands as: H&amp;M, Diverse or Reporter Young.<\/p>\n<p><strong>For the youngest<\/strong> &#8211; there is a playground, great clothes and accessories at Reporter Young, rockers, vending machines, ice cream parlors and a confectionery, such as: Owl, Sweet Island, Me and Z Oven Rodem.<\/p>\n<p><strong>Customers interested in arranging home spaces<\/strong> can find a unique offer of articles and a lot of inspiration in the global chains available in the Arcade, such as: Auchan hypermarket, Jysk, TK Maxx and HalfPrice.<\/p>\n<p><strong>The comfortable and modern restaurant area<\/strong> also allows you to spend time pleasantly during private and business meetings. Customers can take advantage of a wide range of desserts and coffees available in cafes such as: Sowa, S\u0142odka Wyspa, Mniem or Z kilem bakery. There is also an extensive restaurant offer, from home-made dinners available at Foodmax, to delicious sushi at Wasabi, the well-known shawarma at Sphinx, as well as American hot dogs at New York Hot Dog and sweet snacks from the Sowa confectionery, Bakery Rodem bakery and the Mnii islands. and Sweet Island.<\/p>\n<p><strong>Service points:<\/strong> travel agencies, GSM operators, exchange office, florist, banks, Maurer Optyk.<\/p>\n<p><strong>A large, convenient and free car park<\/strong> allows you to park your car quickly and easily. Thanks to the connection of the car park with the city through several entry \/ exit roads, \u0141\u00f3d\u017a residents and residents of nearby towns can conveniently reach the Center from almost every district of the city.<\/p>\n<p><strong>Pasa\u017c \u0141\u00f3dzki, present in the city since 2000, with unique brands and a comprehensive offer, stands out on the \u0141\u00f3d\u017a market and attracts regular customers, both those who appreciate quick shopping and those who love to look around the shops or spend their free time over coffee with friends. Thanks to its unique offer, it is conducive to searching for inspiration or developing a hobby. In order to meet the expectations and needs of our clients, we strive to make the Center&#8217;s offer more attractive with new, well-known brands. New openings are planned soon.<\/strong><\/p>\n","protected":false},"excerpt":{"rendered":"<p>Pasa\u017c \u0141\u00f3dzki is a unique place on the map of \u0141\u00f3d\u017a, perfect for active people. Only in Pasa\u017c \u0141\u00f3dzki, customers have access to a wide sports offer distinguished by unique [&hellip;]<\/p>\n","protected":false},"author":1,"featured_media":0,"parent":0,"menu_order":3,"comment_status":"closed","ping_status":"closed","template":"page-templates\/about.php","meta":{"_acf_changed":false,"footnotes":""},"class_list":["post-1746","page","type-page","status-publish","hentry"],"acf":[],"yoast_head":"<!-- This site is optimized with the Yoast SEO plugin v23.4 - https:\/\/yoast.com\/wordpress\/plugins\/seo\/ -->\n<title>About us - Pasa\u017c \u0141\u00f3dzki<\/title>\n<meta name=\"robots\" content=\"index, follow, max-snippet:-1, max-image-preview:large, max-video-preview:-1\" \/>\n<link rel=\"canonical\" href=\"https:\/\/www.chpasazlodzki.pl\/en\/about-us\/\" \/>\n<meta property=\"og:locale\" content=\"en_US\" \/>\n<meta property=\"og:type\" content=\"article\" \/>\n<meta property=\"og:title\" content=\"About us - Pasa\u017c \u0141\u00f3dzki\" \/>\n<meta property=\"og:description\" content=\"Pasa\u017c \u0141\u00f3dzki is a unique place on the map of \u0141\u00f3d\u017a, perfect for active people. Only in Pasa\u017c \u0141\u00f3dzki, customers have access to a wide sports offer distinguished by unique [&hellip;]\" \/>\n<meta property=\"og:url\" content=\"https:\/\/www.chpasazlodzki.pl\/en\/about-us\/\" \/>\n<meta property=\"og:site_name\" content=\"Pasa\u017c \u0141\u00f3dzki\" \/>\n<meta property=\"article:modified_time\" content=\"2025-05-20T10:31:33+00:00\" \/>\n<meta name=\"twitter:card\" content=\"summary_large_image\" \/>\n<meta name=\"twitter:label1\" content=\"Est. reading time\" \/>\n\t<meta name=\"twitter:data1\" content=\"3 minutes\" \/>\n<!-- \/ Yoast SEO plugin. -->","yoast_head_json":{"title":"About us - Pasa\u017c \u0141\u00f3dzki","robots":{"index":"index","follow":"follow","max-snippet":"max-snippet:-1","max-image-preview":"max-image-preview:large","max-video-preview":"max-video-preview:-1"},"canonical":"https:\/\/www.chpasazlodzki.pl\/en\/about-us\/","og_locale":"en_US","og_type":"article","og_title":"About us - Pasa\u017c \u0141\u00f3dzki","og_description":"Pasa\u017c \u0141\u00f3dzki is a unique place on the map of \u0141\u00f3d\u017a, perfect for active people. Only in Pasa\u017c \u0141\u00f3dzki, customers have access to a wide sports offer distinguished by unique [&hellip;]","og_url":"https:\/\/www.chpasazlodzki.pl\/en\/about-us\/","og_site_name":"Pasa\u017c \u0141\u00f3dzki","article_modified_time":"2025-05-20T10:31:33+00:00","twitter_card":"summary_large_image","twitter_misc":{"Est. reading time":"3 minutes"},"schema":{"@context":"https:\/\/schema.org","@graph":[{"@type":"WebPage","@id":"https:\/\/www.chpasazlodzki.pl\/en\/about-us\/","url":"https:\/\/www.chpasazlodzki.pl\/en\/about-us\/","name":"About us - Pasa\u017c \u0141\u00f3dzki","isPartOf":{"@id":"https:\/\/www.chpasazlodzki.pl\/#website"},"datePublished":"2019-02-21T11:04:25+00:00","dateModified":"2025-05-20T10:31:33+00:00","breadcrumb":{"@id":"https:\/\/www.chpasazlodzki.pl\/en\/about-us\/#breadcrumb"},"inLanguage":"en-US","potentialAction":[{"@type":"ReadAction","target":["https:\/\/www.chpasazlodzki.pl\/en\/about-us\/"]}]},{"@type":"BreadcrumbList","@id":"https:\/\/www.chpasazlodzki.pl\/en\/about-us\/#breadcrumb","itemListElement":[{"@type":"ListItem","position":1,"name":"Home page","item":"https:\/\/www.chpasazlodzki.pl\/en\/"},{"@type":"ListItem","position":2,"name":"About us"}]},{"@type":"WebSite","@id":"https:\/\/www.chpasazlodzki.pl\/#website","url":"https:\/\/www.chpasazlodzki.pl\/","name":"Pasa\u017c \u0141\u00f3dzki","description":"","potentialAction":[{"@type":"SearchAction","target":{"@type":"EntryPoint","urlTemplate":"https:\/\/www.chpasazlodzki.pl\/?s={search_term_string}"},"query-input":{"@type":"PropertyValueSpecification","valueRequired":true,"valueName":"search_term_string"}}],"inLanguage":"en-US"}]}},"_links":{"self":[{"href":"https:\/\/www.chpasazlodzki.pl\/en\/wp-json\/wp\/v2\/pages\/1746"}],"collection":[{"href":"https:\/\/www.chpasazlodzki.pl\/en\/wp-json\/wp\/v2\/pages"}],"about":[{"href":"https:\/\/www.chpasazlodzki.pl\/en\/wp-json\/wp\/v2\/types\/page"}],"author":[{"embeddable":true,"href":"https:\/\/www.chpasazlodzki.pl\/en\/wp-json\/wp\/v2\/users\/1"}],"replies":[{"embeddable":true,"href":"https:\/\/www.chpasazlodzki.pl\/en\/wp-json\/wp\/v2\/comments?post=1746"}],"version-history":[{"count":1,"href":"https:\/\/www.chpasazlodzki.pl\/en\/wp-json\/wp\/v2\/pages\/1746\/revisions"}],"predecessor-version":[{"id":15169,"href":"https:\/\/www.chpasazlodzki.pl\/en\/wp-json\/wp\/v2\/pages\/1746\/revisions\/15169"}],"wp:attachment":[{"href":"https:\/\/www.chpasazlodzki.pl\/en\/wp-json\/wp\/v2\/media?parent=1746"}],"curies":[{"name":"wp","href":"https:\/\/api.w.org\/{rel}","templated":true}]}}