{"id":1763,"date":"2019-07-01T15:26:40","date_gmt":"2019-07-01T13:26:40","guid":{"rendered":"https:\/\/www.chpasazlodzki.pl\/about-us\/dla-mediow\/"},"modified":"2022-10-10T13:25:43","modified_gmt":"2022-10-10T11:25:43","slug":"for-media","status":"publish","type":"page","link":"https:\/\/www.chpasazlodzki.pl\/en\/about-us\/for-media\/","title":{"rendered":"For media"},"content":{"rendered":"<p>Are you looking for press materials? Here you can find the logo and photos of Pasa\u017c \u0141\u00f3dzki to download.<\/p>\n<p>Download:<br \/>\n<a href=\"\/wp-content\/uploads\/2019\/07\/pl-1-.jpg\" target=\"_blank\" rel=\"noopener noreferrer\">Logo<\/a><br \/>\n<a href=\"\/wp-content\/uploads\/2022\/10\/zdjecia_pasaz-lodzki_dla-mediow.zip\" target=\"_blank\" rel=\"noopener noreferrer\">Photos<\/a><\/p>\n<p>The logotype of Pasa\u017c \u0141\u00f3dzki is considered as a trademark within the meaning of the Act of 30 June, 2000 \u2013 Industrial Property Law (Journal of Laws of 2013, item 1410 with later amendments), and protected by trademark laws no. 187382, registered by the Stage \u0141\u00f3d\u017a sp. z o.o. company. At the same time the logotype of Pasa\u017c \u0141\u00f3dzki shopping centre is the copyrighted work in the meaning of Art. 1 of Act on Copyrights and Related Rights of 4 February, 1994 (Journal of Laws of 2016, item 666 with later amendments). For the above reasons, any use of the Pasa\u017c \u0141\u00f3dzki logotype without prior written notice of Stage \u0141\u00f3d\u017a sp. z o.o is strictly forbidden.<\/p>\n<p><strong>CONTACT FOR MEDIA<\/strong><\/p>\n<p>Katarzyna Kostka<br \/>\nTel: <a href=\"tel:511369732\">511\u00a0369 732<\/a><br \/>\nE-mail: <a href=\"mailto:kkostka@valkea.com\">kkostka@valkea.com<\/a><\/p>\n","protected":false},"excerpt":{"rendered":"<p>Are you looking for press materials? Here you can find the logo and photos of Pasa\u017c \u0141\u00f3dzki to download. Download: Logo Photos The logotype of Pasa\u017c \u0141\u00f3dzki is considered as [&hellip;]<\/p>\n","protected":false},"author":1,"featured_media":0,"parent":1746,"menu_order":0,"comment_status":"closed","ping_status":"closed","template":"page-templates\/aboutSuppages.php","meta":{"_acf_changed":false,"footnotes":""},"class_list":["post-1763","page","type-page","status-publish","hentry"],"acf":[],"yoast_head":"<!-- This site is optimized with the Yoast SEO plugin v23.4 - https:\/\/yoast.com\/wordpress\/plugins\/seo\/ -->\n<title>For media - Pasa\u017c \u0141\u00f3dzki<\/title>\n<meta name=\"robots\" content=\"index, follow, max-snippet:-1, max-image-preview:large, max-video-preview:-1\" \/>\n<link rel=\"canonical\" href=\"https:\/\/www.chpasazlodzki.pl\/en\/about-us\/for-media\/\" \/>\n<meta property=\"og:locale\" content=\"en_US\" \/>\n<meta property=\"og:type\" content=\"article\" \/>\n<meta property=\"og:title\" content=\"For media - Pasa\u017c \u0141\u00f3dzki\" \/>\n<meta property=\"og:description\" content=\"Are you looking for press materials? Here you can find the logo and photos of Pasa\u017c \u0141\u00f3dzki to download. Download: Logo Photos The logotype of Pasa\u017c \u0141\u00f3dzki is considered as [&hellip;]\" \/>\n<meta property=\"og:url\" content=\"https:\/\/www.chpasazlodzki.pl\/en\/about-us\/for-media\/\" \/>\n<meta property=\"og:site_name\" content=\"Pasa\u017c \u0141\u00f3dzki\" \/>\n<meta property=\"article:modified_time\" content=\"2022-10-10T11:25:43+00:00\" \/>\n<meta name=\"twitter:card\" content=\"summary_large_image\" \/>\n<meta name=\"twitter:label1\" content=\"Est. reading time\" \/>\n\t<meta name=\"twitter:data1\" content=\"1 minute\" \/>\n<!-- \/ Yoast SEO plugin. -->","yoast_head_json":{"title":"For media - Pasa\u017c \u0141\u00f3dzki","robots":{"index":"index","follow":"follow","max-snippet":"max-snippet:-1","max-image-preview":"max-image-preview:large","max-video-preview":"max-video-preview:-1"},"canonical":"https:\/\/www.chpasazlodzki.pl\/en\/about-us\/for-media\/","og_locale":"en_US","og_type":"article","og_title":"For media - Pasa\u017c \u0141\u00f3dzki","og_description":"Are you looking for press materials? Here you can find the logo and photos of Pasa\u017c \u0141\u00f3dzki to download. Download: Logo Photos The logotype of Pasa\u017c \u0141\u00f3dzki is considered as [&hellip;]","og_url":"https:\/\/www.chpasazlodzki.pl\/en\/about-us\/for-media\/","og_site_name":"Pasa\u017c \u0141\u00f3dzki","article_modified_time":"2022-10-10T11:25:43+00:00","twitter_card":"summary_large_image","twitter_misc":{"Est. reading time":"1 minute"},"schema":{"@context":"https:\/\/schema.org","@graph":[{"@type":"WebPage","@id":"https:\/\/www.chpasazlodzki.pl\/en\/about-us\/for-media\/","url":"https:\/\/www.chpasazlodzki.pl\/en\/about-us\/for-media\/","name":"For media - Pasa\u017c \u0141\u00f3dzki","isPartOf":{"@id":"https:\/\/www.chpasazlodzki.pl\/#website"},"datePublished":"2019-07-01T13:26:40+00:00","dateModified":"2022-10-10T11:25:43+00:00","breadcrumb":{"@id":"https:\/\/www.chpasazlodzki.pl\/en\/about-us\/for-media\/#breadcrumb"},"inLanguage":"en-US","potentialAction":[{"@type":"ReadAction","target":["https:\/\/www.chpasazlodzki.pl\/en\/about-us\/for-media\/"]}]},{"@type":"BreadcrumbList","@id":"https:\/\/www.chpasazlodzki.pl\/en\/about-us\/for-media\/#breadcrumb","itemListElement":[{"@type":"ListItem","position":1,"name":"Home page","item":"https:\/\/www.chpasazlodzki.pl\/en\/"},{"@type":"ListItem","position":2,"name":"About us","item":"https:\/\/www.chpasazlodzki.pl\/en\/about-us\/"},{"@type":"ListItem","position":3,"name":"For media"}]},{"@type":"WebSite","@id":"https:\/\/www.chpasazlodzki.pl\/#website","url":"https:\/\/www.chpasazlodzki.pl\/","name":"Pasa\u017c \u0141\u00f3dzki","description":"","potentialAction":[{"@type":"SearchAction","target":{"@type":"EntryPoint","urlTemplate":"https:\/\/www.chpasazlodzki.pl\/?s={search_term_string}"},"query-input":{"@type":"PropertyValueSpecification","valueRequired":true,"valueName":"search_term_string"}}],"inLanguage":"en-US"}]}},"_links":{"self":[{"href":"https:\/\/www.chpasazlodzki.pl\/en\/wp-json\/wp\/v2\/pages\/1763"}],"collection":[{"href":"https:\/\/www.chpasazlodzki.pl\/en\/wp-json\/wp\/v2\/pages"}],"about":[{"href":"https:\/\/www.chpasazlodzki.pl\/en\/wp-json\/wp\/v2\/types\/page"}],"author":[{"embeddable":true,"href":"https:\/\/www.chpasazlodzki.pl\/en\/wp-json\/wp\/v2\/users\/1"}],"replies":[{"embeddable":true,"href":"https:\/\/www.chpasazlodzki.pl\/en\/wp-json\/wp\/v2\/comments?post=1763"}],"version-history":[{"count":0,"href":"https:\/\/www.chpasazlodzki.pl\/en\/wp-json\/wp\/v2\/pages\/1763\/revisions"}],"up":[{"embeddable":true,"href":"https:\/\/www.chpasazlodzki.pl\/en\/wp-json\/wp\/v2\/pages\/1746"}],"wp:attachment":[{"href":"https:\/\/www.chpasazlodzki.pl\/en\/wp-json\/wp\/v2\/media?parent=1763"}],"curies":[{"name":"wp","href":"https:\/\/api.w.org\/{rel}","templated":true}]}}