{"id":1767,"date":"2019-02-21T12:04:37","date_gmt":"2019-02-21T11:04:37","guid":{"rendered":"https:\/\/www.chpasazlodzki.pl\/udogodnienia\/"},"modified":"2022-10-25T15:00:53","modified_gmt":"2022-10-25T13:00:53","slug":"amenities","status":"publish","type":"page","link":"https:\/\/www.chpasazlodzki.pl\/en\/amenities\/","title":{"rendered":"Amenities"},"content":{"rendered":"","protected":false},"excerpt":{"rendered":"","protected":false},"author":1,"featured_media":0,"parent":0,"menu_order":4,"comment_status":"closed","ping_status":"closed","template":"page-templates\/facilities.php","meta":{"_acf_changed":false,"footnotes":""},"class_list":["post-1767","page","type-page","status-publish","hentry"],"acf":[],"yoast_head":"<!-- This site is optimized with the Yoast SEO plugin v23.4 - https:\/\/yoast.com\/wordpress\/plugins\/seo\/ -->\n<title>Amenities - Pasa\u017c \u0141\u00f3dzki<\/title>\n<meta name=\"robots\" content=\"index, follow, max-snippet:-1, max-image-preview:large, max-video-preview:-1\" \/>\n<link rel=\"canonical\" href=\"https:\/\/www.chpasazlodzki.pl\/udogodnienia\/\" \/>\n<meta property=\"og:locale\" content=\"en_US\" \/>\n<meta property=\"og:type\" content=\"article\" \/>\n<meta property=\"og:title\" content=\"Amenities - Pasa\u017c \u0141\u00f3dzki\" \/>\n<meta property=\"og:url\" content=\"https:\/\/www.chpasazlodzki.pl\/udogodnienia\/\" \/>\n<meta property=\"og:site_name\" content=\"Pasa\u017c \u0141\u00f3dzki\" \/>\n<meta property=\"article:modified_time\" content=\"2022-10-25T13:00:53+00:00\" \/>\n<meta name=\"twitter:card\" content=\"summary_large_image\" \/>\n<!-- \/ Yoast SEO plugin. -->","yoast_head_json":{"title":"Amenities - Pasa\u017c \u0141\u00f3dzki","robots":{"index":"index","follow":"follow","max-snippet":"max-snippet:-1","max-image-preview":"max-image-preview:large","max-video-preview":"max-video-preview:-1"},"canonical":"https:\/\/www.chpasazlodzki.pl\/udogodnienia\/","og_locale":"en_US","og_type":"article","og_title":"Amenities - Pasa\u017c \u0141\u00f3dzki","og_url":"https:\/\/www.chpasazlodzki.pl\/udogodnienia\/","og_site_name":"Pasa\u017c \u0141\u00f3dzki","article_modified_time":"2022-10-25T13:00:53+00:00","twitter_card":"summary_large_image","schema":{"@context":"https:\/\/schema.org","@graph":[{"@type":"WebPage","@id":"https:\/\/www.chpasazlodzki.pl\/udogodnienia\/","url":"https:\/\/www.chpasazlodzki.pl\/udogodnienia\/","name":"Amenities - Pasa\u017c \u0141\u00f3dzki","isPartOf":{"@id":"https:\/\/www.chpasazlodzki.pl\/#website"},"datePublished":"2019-02-21T11:04:37+00:00","dateModified":"2022-10-25T13:00:53+00:00","breadcrumb":{"@id":"https:\/\/www.chpasazlodzki.pl\/udogodnienia\/#breadcrumb"},"inLanguage":"en-US","potentialAction":[{"@type":"ReadAction","target":["https:\/\/www.chpasazlodzki.pl\/udogodnienia\/"]}]},{"@type":"BreadcrumbList","@id":"https:\/\/www.chpasazlodzki.pl\/udogodnienia\/#breadcrumb","itemListElement":[{"@type":"ListItem","position":1,"name":"Home page","item":"https:\/\/www.chpasazlodzki.pl\/en\/"},{"@type":"ListItem","position":2,"name":"Amenities"}]},{"@type":"WebSite","@id":"https:\/\/www.chpasazlodzki.pl\/#website","url":"https:\/\/www.chpasazlodzki.pl\/","name":"Pasa\u017c \u0141\u00f3dzki","description":"","potentialAction":[{"@type":"SearchAction","target":{"@type":"EntryPoint","urlTemplate":"https:\/\/www.chpasazlodzki.pl\/?s={search_term_string}"},"query-input":{"@type":"PropertyValueSpecification","valueRequired":true,"valueName":"search_term_string"}}],"inLanguage":"en-US"}]}},"_links":{"self":[{"href":"https:\/\/www.chpasazlodzki.pl\/en\/wp-json\/wp\/v2\/pages\/1767"}],"collection":[{"href":"https:\/\/www.chpasazlodzki.pl\/en\/wp-json\/wp\/v2\/pages"}],"about":[{"href":"https:\/\/www.chpasazlodzki.pl\/en\/wp-json\/wp\/v2\/types\/page"}],"author":[{"embeddable":true,"href":"https:\/\/www.chpasazlodzki.pl\/en\/wp-json\/wp\/v2\/users\/1"}],"replies":[{"embeddable":true,"href":"https:\/\/www.chpasazlodzki.pl\/en\/wp-json\/wp\/v2\/comments?post=1767"}],"version-history":[{"count":0,"href":"https:\/\/www.chpasazlodzki.pl\/en\/wp-json\/wp\/v2\/pages\/1767\/revisions"}],"wp:attachment":[{"href":"https:\/\/www.chpasazlodzki.pl\/en\/wp-json\/wp\/v2\/media?parent=1767"}],"curies":[{"name":"wp","href":"https:\/\/api.w.org\/{rel}","templated":true}]}}