{"id":2060,"date":"2019-06-17T13:55:05","date_gmt":"2019-06-17T11:55:05","guid":{"rendered":"https:\/\/www.chpasazlodzki.pl\/regulamin-centrum\/"},"modified":"2022-10-10T13:41:40","modified_gmt":"2022-10-10T11:41:40","slug":"rules-regulations-shopping-centre","status":"publish","type":"page","link":"https:\/\/www.chpasazlodzki.pl\/en\/rules-regulations-shopping-centre\/","title":{"rendered":"Rules &#038; regulations \u2013 shopping centre"},"content":{"rendered":"<p>For reasons connected with safety of people staying in Pasa\u017c \u0141\u00f3dzki shopping centre on Jana Paw\u0142a II 30, as well as to maintain order, the Centre Management kindly asks to obey the following rules:<\/p>\n<ol>\n<li>It is forbidden to stay in Centre, if the person:\n<ol>\n<li>is under the influence of alcohol or drugs;<\/li>\n<li>behaves unlawfully or breaks the law;<\/li>\n<li>has a negative impact on operations and image of Centre;<\/li>\n<li>\u00a0presents direct or indirect risk to the safety of other people and facility.<\/li>\n<\/ol>\n<\/li>\n<li>On the site of Centre it is forbidden to:\n<ol>\n<li>take inside and\/or ride bikes, rollerblades and skateboards;<\/li>\n<li>take animals inside;<\/li>\n<li>trade (peddling, itinerant trade), distribute brochures and leaflets, organize gatherings and\/or artistic performance without a prior written consent of Centre\u2019s Director;<\/li>\n<li>use shopping trolleys contrary to their purpose;<\/li>\n<li>smoke tobacco products outside designated smoking areas;<\/li>\n<li>consume alcohol outside of bars and restaurants;<\/li>\n<li>block roads and emergency exits;<\/li>\n<li>take photos and shot movies without a prior written consent of Centre\u2019s Director.<\/li>\n<\/ol>\n<\/li>\n<\/ol>\n<p>&nbsp;<\/p>\n<p>In case of noticing any of the above irregularities, please contact the Security Office under the phone number: <a href=\"tel:+48426380120\">+48\u00a042\u00a0638 01 20<\/a>.<\/p>\n<p>&nbsp;<\/p>\n<p>Complete rules and regulations in pdf format can be found <a href=\"https:\/\/www.chpasazlodzki.pl\/wp-content\/uploads\/2022\/10\/pl-regulamin-b1-druk-0410.pdf\" target=\"_blank\" rel=\"noopener noreferrer\">here<\/a>.<\/p>\n","protected":false},"excerpt":{"rendered":"<p>For reasons connected with safety of people staying in Pasa\u017c \u0141\u00f3dzki shopping centre on Jana Paw\u0142a II 30, as well as to maintain order, the Centre Management kindly asks to [&hellip;]<\/p>\n","protected":false},"author":1,"featured_media":0,"parent":0,"menu_order":10,"comment_status":"closed","ping_status":"closed","template":"","meta":{"_acf_changed":false,"footnotes":""},"class_list":["post-2060","page","type-page","status-publish","hentry"],"acf":[],"yoast_head":"<!-- This site is optimized with the Yoast SEO plugin v23.4 - https:\/\/yoast.com\/wordpress\/plugins\/seo\/ -->\n<title>Rules &amp; regulations \u2013 shopping centre - Pasa\u017c \u0141\u00f3dzki<\/title>\n<meta name=\"robots\" content=\"index, follow, max-snippet:-1, max-image-preview:large, max-video-preview:-1\" \/>\n<link rel=\"canonical\" href=\"https:\/\/www.chpasazlodzki.pl\/regulamin-centrum\/\" \/>\n<meta property=\"og:locale\" content=\"en_US\" \/>\n<meta property=\"og:type\" content=\"article\" \/>\n<meta property=\"og:title\" content=\"Rules &amp; regulations \u2013 shopping centre - Pasa\u017c \u0141\u00f3dzki\" \/>\n<meta property=\"og:description\" content=\"For reasons connected with safety of people staying in Pasa\u017c \u0141\u00f3dzki shopping centre on Jana Paw\u0142a II 30, as well as to maintain order, the Centre Management kindly asks to [&hellip;]\" \/>\n<meta property=\"og:url\" content=\"https:\/\/www.chpasazlodzki.pl\/regulamin-centrum\/\" \/>\n<meta property=\"og:site_name\" content=\"Pasa\u017c \u0141\u00f3dzki\" \/>\n<meta property=\"article:modified_time\" content=\"2022-10-10T11:41:40+00:00\" \/>\n<meta name=\"twitter:card\" content=\"summary_large_image\" \/>\n<meta name=\"twitter:label1\" content=\"Est. reading time\" \/>\n\t<meta name=\"twitter:data1\" content=\"1 minute\" \/>\n<!-- \/ Yoast SEO plugin. -->","yoast_head_json":{"title":"Rules & regulations \u2013 shopping centre - Pasa\u017c \u0141\u00f3dzki","robots":{"index":"index","follow":"follow","max-snippet":"max-snippet:-1","max-image-preview":"max-image-preview:large","max-video-preview":"max-video-preview:-1"},"canonical":"https:\/\/www.chpasazlodzki.pl\/regulamin-centrum\/","og_locale":"en_US","og_type":"article","og_title":"Rules & regulations \u2013 shopping centre - Pasa\u017c \u0141\u00f3dzki","og_description":"For reasons connected with safety of people staying in Pasa\u017c \u0141\u00f3dzki shopping centre on Jana Paw\u0142a II 30, as well as to maintain order, the Centre Management kindly asks to [&hellip;]","og_url":"https:\/\/www.chpasazlodzki.pl\/regulamin-centrum\/","og_site_name":"Pasa\u017c \u0141\u00f3dzki","article_modified_time":"2022-10-10T11:41:40+00:00","twitter_card":"summary_large_image","twitter_misc":{"Est. reading time":"1 minute"},"schema":{"@context":"https:\/\/schema.org","@graph":[{"@type":"WebPage","@id":"https:\/\/www.chpasazlodzki.pl\/regulamin-centrum\/","url":"https:\/\/www.chpasazlodzki.pl\/regulamin-centrum\/","name":"Rules & regulations \u2013 shopping centre - Pasa\u017c \u0141\u00f3dzki","isPartOf":{"@id":"https:\/\/www.chpasazlodzki.pl\/#website"},"datePublished":"2019-06-17T11:55:05+00:00","dateModified":"2022-10-10T11:41:40+00:00","breadcrumb":{"@id":"https:\/\/www.chpasazlodzki.pl\/regulamin-centrum\/#breadcrumb"},"inLanguage":"en-US","potentialAction":[{"@type":"ReadAction","target":["https:\/\/www.chpasazlodzki.pl\/regulamin-centrum\/"]}]},{"@type":"BreadcrumbList","@id":"https:\/\/www.chpasazlodzki.pl\/regulamin-centrum\/#breadcrumb","itemListElement":[{"@type":"ListItem","position":1,"name":"Home page","item":"https:\/\/www.chpasazlodzki.pl\/en\/"},{"@type":"ListItem","position":2,"name":"Rules &#038; regulations \u2013 shopping centre"}]},{"@type":"WebSite","@id":"https:\/\/www.chpasazlodzki.pl\/#website","url":"https:\/\/www.chpasazlodzki.pl\/","name":"Pasa\u017c \u0141\u00f3dzki","description":"","potentialAction":[{"@type":"SearchAction","target":{"@type":"EntryPoint","urlTemplate":"https:\/\/www.chpasazlodzki.pl\/?s={search_term_string}"},"query-input":{"@type":"PropertyValueSpecification","valueRequired":true,"valueName":"search_term_string"}}],"inLanguage":"en-US"}]}},"_links":{"self":[{"href":"https:\/\/www.chpasazlodzki.pl\/en\/wp-json\/wp\/v2\/pages\/2060"}],"collection":[{"href":"https:\/\/www.chpasazlodzki.pl\/en\/wp-json\/wp\/v2\/pages"}],"about":[{"href":"https:\/\/www.chpasazlodzki.pl\/en\/wp-json\/wp\/v2\/types\/page"}],"author":[{"embeddable":true,"href":"https:\/\/www.chpasazlodzki.pl\/en\/wp-json\/wp\/v2\/users\/1"}],"replies":[{"embeddable":true,"href":"https:\/\/www.chpasazlodzki.pl\/en\/wp-json\/wp\/v2\/comments?post=2060"}],"version-history":[{"count":0,"href":"https:\/\/www.chpasazlodzki.pl\/en\/wp-json\/wp\/v2\/pages\/2060\/revisions"}],"wp:attachment":[{"href":"https:\/\/www.chpasazlodzki.pl\/en\/wp-json\/wp\/v2\/media?parent=2060"}],"curies":[{"name":"wp","href":"https:\/\/api.w.org\/{rel}","templated":true}]}}